{"id":3718,"date":"2021-08-04T17:54:41","date_gmt":"2021-08-04T17:54:41","guid":{"rendered":"http:\/\/test.systemstraub.de\/?page_id=3718"},"modified":"2023-01-29T22:23:18","modified_gmt":"2023-01-29T22:23:18","slug":"agb","status":"publish","type":"page","link":"https:\/\/systemstraub.de\/en\/tos.html","title":{"rendered":"General information"},"content":{"rendered":"<div data-elementor-type=\"wp-post\" data-elementor-id=\"3718\" class=\"elementor elementor-3718\" data-elementor-post-type=\"page\">\n\t\t\t\t\t\t<section class=\"has_ae_slider elementor-section elementor-top-section elementor-element elementor-element-48a8a999 elementor-section-full_width elementor-section-content-middle elementor-section-stretched elementor-section-height-default elementor-section-height-default ae-bg-gallery-type-default\" data-id=\"48a8a999\" data-element_type=\"section\" data-settings=\"{&quot;background_background&quot;:&quot;classic&quot;,&quot;stretch_section&quot;:&quot;section-stretched&quot;}\">\n\t\t\t\t\t\t\t<div class=\"elementor-background-overlay\"><\/div>\n\t\t\t\t\t\t\t<div class=\"elementor-container elementor-column-gap-no\">\n\t\t\t\t\t<div class=\"has_ae_slider elementor-column elementor-col-100 elementor-top-column elementor-element elementor-element-827a99d ae-bg-gallery-type-default\" data-id=\"827a99d\" data-element_type=\"column\">\n\t\t\t<div class=\"elementor-widget-wrap elementor-element-populated\">\n\t\t\t\t\t\t<div class=\"elementor-element elementor-element-2aee316 elementor-pagination-position-inside elementor-widget-mobile__width-initial elementor-arrows-position-inside elementor-widget elementor-widget-image-carousel\" data-id=\"2aee316\" data-element_type=\"widget\" id=\"custom-slider-header\" data-settings=\"{&quot;slides_to_show&quot;:&quot;1&quot;,&quot;speed&quot;:800,&quot;slides_to_show_mobile&quot;:&quot;1&quot;,&quot;navigation&quot;:&quot;both&quot;,&quot;autoplay&quot;:&quot;yes&quot;,&quot;pause_on_hover&quot;:&quot;yes&quot;,&quot;pause_on_interaction&quot;:&quot;yes&quot;,&quot;autoplay_speed&quot;:5000,&quot;infinite&quot;:&quot;yes&quot;,&quot;effect&quot;:&quot;slide&quot;}\" data-widget_type=\"image-carousel.default\">\n\t\t\t\t<div class=\"elementor-widget-container\">\n\t\t\t\t\t<div class=\"elementor-image-carousel-wrapper swiper\" dir=\"ltr\">\n\t\t\t<div class=\"elementor-image-carousel swiper-wrapper swiper-image-stretch\" aria-live=\"off\">\n\t\t\t\t\t\t\t\t<div class=\"swiper-slide\" role=\"group\" aria-roledescription=\"slide\" aria-label=\"1 of 1\"><figure class=\"swiper-slide-inner\"><img decoding=\"async\" class=\"swiper-slide-image\" src=\"https:\/\/systemstraub.de\/wp-content\/uploads\/2021\/08\/System-Straub-Hauspersonal-Haushaelterin-Hamburg-bundesweit-Impressum.jpg\" alt=\"System-Straub-Hauspersonal-Haushaelterin-Hamburg-bundesweit-Imprint\" \/><\/figure><\/div>\t\t\t<\/div>\n\t\t\t\t\t<\/div>\n\t\t\t\t<\/div>\n\t\t\t\t<\/div>\n\t\t\t\t\t<\/div>\n\t\t<\/div>\n\t\t\t\t\t<\/div>\n\t\t<\/section>\n\t\t\t\t<section class=\"has_ae_slider elementor-section elementor-top-section elementor-element elementor-element-37961d7 elementor-hidden-tablet elementor-hidden-phone horz-menu elementor-section-boxed elementor-section-height-default elementor-section-height-default ae-bg-gallery-type-default\" data-id=\"37961d7\" data-element_type=\"section\">\n\t\t\t\t\t\t<div class=\"elementor-container elementor-column-gap-default\">\n\t\t\t\t\t<div class=\"has_ae_slider elementor-column elementor-col-100 elementor-top-column elementor-element elementor-element-9ee0594 ae-bg-gallery-type-default\" data-id=\"9ee0594\" data-element_type=\"column\">\n\t\t\t<div class=\"elementor-widget-wrap elementor-element-populated\">\n\t\t\t\t\t\t<div class=\"elementor-element elementor-element-e0973e3 reset-text-spacing elementor-widget elementor-widget-text-editor\" data-id=\"e0973e3\" data-element_type=\"widget\" data-widget_type=\"text-editor.default\">\n\t\t\t\t<div class=\"elementor-widget-container\">\n\t\t\t\t\t\t\t<p><nav class='nav-menu-desktop'><ul class='inner-page-menu-ul'><li class=\"\"><a href=\"https:\/\/systemstraub.de\/en\/company.html\">Corporate philosophy<\/a><\/li><li class=\"\"><a href=\"https:\/\/systemstraub.de\/en\/employer.html\">Employer<\/a><\/li><li class=\"\"><a href=\"https:\/\/systemstraub.de\/en\/applicant.html\">Applicants<\/a><\/li><li class=\"\"><a href=\"https:\/\/systemstraub.de\/en\/.\/jobs\">Open positions<\/a><\/li><li class=\"\"><a href=\"https:\/\/systemstraub.de\/en\/administration.html\">Administration<\/a><\/li><li class=\"\"><a href=\"https:\/\/systemstraub.de\/en\/references.html\">Credentials<\/a><\/li><li class=\"\"><a href=\"https:\/\/systemstraub.de\/en\/press.html\">Press<\/a><\/li><li class=\"\"><a href=\"https:\/\/systemstraub.de\/en\/contact.html\">Contact<\/a><\/li><\/ul><\/nav><\/p>\t\t\t\t\t\t<\/div>\n\t\t\t\t<\/div>\n\t\t\t\t\t<\/div>\n\t\t<\/div>\n\t\t\t\t\t<\/div>\n\t\t<\/section>\n\t\t\t\t<section class=\"has_ae_slider elementor-section elementor-top-section elementor-element elementor-element-026f655 elementor-section-content-top elementor-section-boxed elementor-section-height-default elementor-section-height-default ae-bg-gallery-type-default\" data-id=\"026f655\" data-element_type=\"section\" data-settings=\"{&quot;background_background&quot;:&quot;classic&quot;}\">\n\t\t\t\t\t\t<div class=\"elementor-container elementor-column-gap-wide\">\n\t\t\t\t\t<div class=\"has_ae_slider elementor-column elementor-col-100 elementor-top-column elementor-element elementor-element-f3a729b ae-bg-gallery-type-default\" data-id=\"f3a729b\" data-element_type=\"column\">\n\t\t\t<div class=\"elementor-widget-wrap elementor-element-populated\">\n\t\t\t\t\t\t<div class=\"elementor-element elementor-element-a0457ea elementor-widget elementor-widget-heading\" data-id=\"a0457ea\" data-element_type=\"widget\" data-widget_type=\"heading.default\">\n\t\t\t\t<div class=\"elementor-widget-container\">\n\t\t\t<h2 class=\"elementor-heading-title elementor-size-default\">General information<\/h2>\t\t<\/div>\n\t\t\t\t<\/div>\n\t\t\t\t<section class=\"has_ae_slider elementor-section elementor-inner-section elementor-element elementor-element-3f77b6d elementor-section-boxed elementor-section-height-default elementor-section-height-default ae-bg-gallery-type-default\" data-id=\"3f77b6d\" data-element_type=\"section\">\n\t\t\t\t\t\t<div class=\"elementor-container elementor-column-gap-default\">\n\t\t\t\t\t<div class=\"has_ae_slider elementor-column elementor-col-50 elementor-inner-column elementor-element elementor-element-d23d889 ae-bg-gallery-type-default\" data-id=\"d23d889\" data-element_type=\"column\">\n\t\t\t<div class=\"elementor-widget-wrap elementor-element-populated\">\n\t\t\t\t\t\t<div class=\"elementor-element elementor-element-efe9ca0 elementor-widget elementor-widget-text-editor\" data-id=\"efe9ca0\" data-element_type=\"widget\" data-widget_type=\"text-editor.default\">\n\t\t\t\t<div class=\"elementor-widget-container\">\n\t\t\t\t\t\t\t<p><span style=\"font-weight: 600; color: #5d4d4c;\">\u00a9 System Straub - All rights reserved.<\/span><\/p><p>All contents of this website are for business information purposes only and are not intended for commercial or private use.<\/p><p>Reproduction and\/or further use of the content beyond personal use is not permitted. Reprinting, inclusion in online services and duplication of editorial content, including storage and utilisation on optical and electronic data carriers, are only permitted with the prior written consent of System Straub.<\/p><p>If consent is granted, the publications\/texts\/images and the author must be explicitly mentioned. The full or partial exploitation of texts (including feeding into online services) by unauthorised third parties is prohibited.<\/p>\t\t\t\t\t\t<\/div>\n\t\t\t\t<\/div>\n\t\t\t\t\t<\/div>\n\t\t<\/div>\n\t\t\t\t<div class=\"has_ae_slider elementor-column elementor-col-50 elementor-inner-column elementor-element elementor-element-bbdb3b0 ae-bg-gallery-type-default\" data-id=\"bbdb3b0\" data-element_type=\"column\">\n\t\t\t<div class=\"elementor-widget-wrap elementor-element-populated\">\n\t\t\t\t\t\t<div class=\"elementor-element elementor-element-6964167 elementor-widget elementor-widget-text-editor\" data-id=\"6964167\" data-element_type=\"widget\" data-widget_type=\"text-editor.default\">\n\t\t\t\t<div class=\"elementor-widget-container\">\n\t\t\t\t\t\t\t<p>The brands and trademarks mentioned are the property of third parties. Any infringement of these provisions will be prosecuted. In the event of a dispute, German law shall apply. The place of jurisdiction is Hamburg.<\/p><p>System Straub constantly checks and updates the information on the website. Despite all due care, the data may have changed in the meantime. No liability or guarantee can therefore be assumed for the topicality, correctness and completeness of the information provided. The same applies to all other websites referred to via hyperlinks. System Straub is not responsible for the content of websites accessed via such links.<\/p><p>Furthermore, System Straub reserves the right to make changes or additions to the information provided.<\/p>\t\t\t\t\t\t<\/div>\n\t\t\t\t<\/div>\n\t\t\t\t\t<\/div>\n\t\t<\/div>\n\t\t\t\t\t<\/div>\n\t\t<\/section>\n\t\t\t\t\t<\/div>\n\t\t<\/div>\n\t\t\t\t\t<\/div>\n\t\t<\/section>\n\t\t\t\t<\/div>","protected":false},"excerpt":{"rendered":"<p>General information \u00a9 System Straub - All rights reserved. All contents of this website are for business information purposes only and are not intended for commercial or private use. Reproduction and\/or further use of the contents beyond personal use is not permitted. Reprinting, inclusion in online services and duplication of editorial content, including storage and use on optical and electronic data carriers, are only permitted with the prior written consent of System Straub. If consent is granted, the publications\/texts\/images and the author must be explicitly mentioned. The full or partial utilisation of texts...<\/p>","protected":false},"author":59,"featured_media":0,"parent":0,"menu_order":0,"comment_status":"closed","ping_status":"closed","template":"","meta":{"_acf_changed":false,"footnotes":""},"acf":[],"yoast_head":"<!-- This site is optimized with the Yoast SEO Premium plugin v24.2 (Yoast SEO v24.3) - https:\/\/yoast.com\/wordpress\/plugins\/seo\/ -->\n<title>Allgemeine Gesch\u00e4ftsbedingungen - System Straub Hauspersonal<\/title>\n<meta name=\"description\" content=\"Hier finden Sie die Allgemeinen Gesch\u00e4ftsbedingungen und Hinweise von System Straub Hauspersonal. Alle Rechte vorbehalten.\" \/>\n<meta name=\"robots\" content=\"index, follow, max-snippet:-1, max-image-preview:large, max-video-preview:-1\" \/>\n<link rel=\"canonical\" href=\"https:\/\/systemstraub.de\/en\/tos.html\/\" \/>\n<meta property=\"og:locale\" content=\"en_GB\" \/>\n<meta property=\"og:type\" content=\"article\" \/>\n<meta property=\"og:title\" content=\"Allgemeine Hinweise\" \/>\n<meta property=\"og:description\" content=\"Hier finden Sie die Allgemeinen Gesch\u00e4ftsbedingungen und Hinweise von System Straub Hauspersonal. Alle Rechte vorbehalten.\" \/>\n<meta property=\"og:url\" content=\"https:\/\/systemstraub.de\/en\/tos.html\/\" \/>\n<meta property=\"og:site_name\" content=\"Hauspersonal System Straub\" \/>\n<meta property=\"article:modified_time\" content=\"2023-01-29T22:23:18+00:00\" \/>\n<meta property=\"og:image\" content=\"https:\/\/systemstraub.de\/wp-content\/uploads\/2021\/09\/favicon112.png\" \/>\n\t<meta property=\"og:image:width\" content=\"112\" \/>\n\t<meta property=\"og:image:height\" content=\"112\" \/>\n\t<meta property=\"og:image:type\" content=\"image\/png\" \/>\n<meta name=\"twitter:card\" content=\"summary_large_image\" \/>\n<meta name=\"twitter:image\" content=\"https:\/\/systemstraub.de\/wp-content\/uploads\/2021\/09\/favicon112.png\" \/>\n<meta name=\"twitter:site\" content=\"@systemstraub\" \/>\n<script type=\"application\/ld+json\" class=\"yoast-schema-graph\">{\"@context\":\"https:\/\/schema.org\",\"@graph\":[{\"@type\":\"Article\",\"@id\":\"https:\/\/systemstraub.de\/agb.html#article\",\"isPartOf\":{\"@id\":\"https:\/\/systemstraub.de\/agb.html\"},\"author\":{\"name\":\"System Straub\",\"@id\":\"https:\/\/systemstraub.de\/#\/schema\/person\/838deae5d2c20197d6fdee4adacef4c8\"},\"headline\":\"Allgemeine Hinweise\",\"datePublished\":\"2021-08-04T17:54:41+00:00\",\"dateModified\":\"2023-01-29T22:23:18+00:00\",\"mainEntityOfPage\":{\"@id\":\"https:\/\/systemstraub.de\/agb.html\"},\"wordCount\":240,\"publisher\":{\"@id\":\"https:\/\/systemstraub.de\/#organization\"},\"image\":{\"@id\":\"https:\/\/systemstraub.de\/agb.html#primaryimage\"},\"thumbnailUrl\":\"https:\/\/systemstraub.de\/wp-content\/uploads\/2021\/08\/System-Straub-Hauspersonal-Haushaelterin-Hamburg-bundesweit-Impressum.jpg\",\"inLanguage\":\"en-GB\"},{\"@type\":\"WebPage\",\"@id\":\"https:\/\/systemstraub.de\/agb.html\",\"url\":\"https:\/\/systemstraub.de\/agb.html\",\"name\":\"Allgemeine Gesch\u00e4ftsbedingungen - System Straub Hauspersonal\",\"isPartOf\":{\"@id\":\"https:\/\/systemstraub.de\/#website\"},\"primaryImageOfPage\":{\"@id\":\"https:\/\/systemstraub.de\/agb.html#primaryimage\"},\"image\":{\"@id\":\"https:\/\/systemstraub.de\/agb.html#primaryimage\"},\"thumbnailUrl\":\"https:\/\/systemstraub.de\/wp-content\/uploads\/2021\/08\/System-Straub-Hauspersonal-Haushaelterin-Hamburg-bundesweit-Impressum.jpg\",\"datePublished\":\"2021-08-04T17:54:41+00:00\",\"dateModified\":\"2023-01-29T22:23:18+00:00\",\"description\":\"Hier finden Sie die Allgemeinen Gesch\u00e4ftsbedingungen und Hinweise von System Straub Hauspersonal. Alle Rechte vorbehalten.\",\"breadcrumb\":{\"@id\":\"https:\/\/systemstraub.de\/agb.html#breadcrumb\"},\"inLanguage\":\"en-GB\",\"potentialAction\":[{\"@type\":\"ReadAction\",\"target\":[\"https:\/\/systemstraub.de\/agb.html\"]}]},{\"@type\":\"ImageObject\",\"inLanguage\":\"en-GB\",\"@id\":\"https:\/\/systemstraub.de\/agb.html#primaryimage\",\"url\":\"https:\/\/systemstraub.de\/wp-content\/uploads\/2021\/08\/System-Straub-Hauspersonal-Haushaelterin-Hamburg-bundesweit-Impressum.jpg\",\"contentUrl\":\"https:\/\/systemstraub.de\/wp-content\/uploads\/2021\/08\/System-Straub-Hauspersonal-Haushaelterin-Hamburg-bundesweit-Impressum.jpg\"},{\"@type\":\"BreadcrumbList\",\"@id\":\"https:\/\/systemstraub.de\/agb.html#breadcrumb\",\"itemListElement\":[{\"@type\":\"ListItem\",\"position\":1,\"name\":\"Home\",\"item\":\"https:\/\/systemstraub.de\/\"},{\"@type\":\"ListItem\",\"position\":2,\"name\":\"Allgemeine Hinweise\"}]},{\"@type\":\"WebSite\",\"@id\":\"https:\/\/systemstraub.de\/#website\",\"url\":\"https:\/\/systemstraub.de\/\",\"name\":\"Hauspersonal System Straub\",\"description\":\"Haush\u00e4lterin gesucht - Wir sind die professionelle Hauspersonalvermittlung wann immer eine Nanny oder Haush\u00e4lterin in Hamburg zur Unterst\u00fctzung gesucht wird.\",\"publisher\":{\"@id\":\"https:\/\/systemstraub.de\/#organization\"},\"alternateName\":\"SystemStraub\",\"potentialAction\":[{\"@type\":\"SearchAction\",\"target\":{\"@type\":\"EntryPoint\",\"urlTemplate\":\"https:\/\/systemstraub.de\/?s={search_term_string}\"},\"query-input\":{\"@type\":\"PropertyValueSpecification\",\"valueRequired\":true,\"valueName\":\"search_term_string\"}}],\"inLanguage\":\"en-GB\"},{\"@type\":[\"Organization\",\"Place\"],\"@id\":\"https:\/\/systemstraub.de\/#organization\",\"name\":\"System Straub Hauspersonal\",\"alternateName\":\"SystemStraub\",\"url\":\"https:\/\/systemstraub.de\/\",\"logo\":{\"@id\":\"https:\/\/systemstraub.de\/agb.html#local-main-organization-logo\"},\"image\":{\"@id\":\"https:\/\/systemstraub.de\/agb.html#local-main-organization-logo\"},\"sameAs\":[\"https:\/\/x.com\/systemstraub\",\"https:\/\/www.instagram.com\/systemstraub\/\"],\"description\":\"System Straub steht seit 1998 f\u00fcr die erstklassige, anspruchsvolle und vertrauensw\u00fcrdige Vermittlung von Hauspersonal in ganz Deutschland. Unser Ziel ist es, den perfekten Match zwischen Haushalten und qualifiziertem Personal herzustellen. Ob Sie eine Haush\u00e4lterin, eine Nanny, einen Butler oder ein Kinderm\u00e4dchen suchen, wir sind darauf spezialisiert, Ihnen das passende Hauspersonal zu vermitteln. Unser Angebot richtet sich an Privatpersonen und Unternehmen gleicherma\u00dfen. Wir legen gro\u00dfen Wert auf Seriosit\u00e4t, Individualit\u00e4t und Qualit\u00e4t. Bei System Straub steht der Kunde im Mittelpunkt. Unser Engagement und unsere Hingabe spiegeln sich in unserer Arbeit wider. Wir sind stets bem\u00fcht, die besten L\u00f6sungen f\u00fcr Ihre W\u00fcnsche zu finden.\",\"legalName\":\"System Straub Hauspersonal\",\"foundingDate\":\"1998-01-01\",\"address\":{\"@id\":\"https:\/\/systemstraub.de\/agb.html#local-main-place-address\"},\"geo\":{\"@type\":\"GeoCoordinates\",\"latitude\":\"53.55797046003343\",\"longitude\":\"9.86085852655431\"},\"telephone\":[\"+494082279840\"],\"contactPoint\":{\"@type\":\"ContactPoint\",\"telephone\":\"+494082279840\",\"email\":\"info@systemstraub.de\"},\"openingHoursSpecification\":[{\"@type\":\"OpeningHoursSpecification\",\"dayOfWeek\":[\"Monday\",\"Tuesday\",\"Wednesday\",\"Thursday\"],\"opens\":\"09:00\",\"closes\":\"17:00\"},{\"@type\":\"OpeningHoursSpecification\",\"dayOfWeek\":[\"Friday\"],\"opens\":\"09:00\",\"closes\":\"14:00\"},{\"@type\":\"OpeningHoursSpecification\",\"dayOfWeek\":[\"Saturday\",\"Sunday\"],\"opens\":\"00:00\",\"closes\":\"00:00\"}],\"email\":\"info@systemstraub.de\",\"vatID\":\"DE194285863\"},{\"@type\":\"Person\",\"@id\":\"https:\/\/systemstraub.de\/#\/schema\/person\/838deae5d2c20197d6fdee4adacef4c8\",\"name\":\"System Straub\",\"image\":{\"@type\":\"ImageObject\",\"inLanguage\":\"en-GB\",\"@id\":\"https:\/\/systemstraub.de\/#\/schema\/person\/image\/\",\"url\":\"https:\/\/secure.gravatar.com\/avatar\/de6dfb4940e9a66f42177cbcc7bf94d9?s=96&d=mm&r=g\",\"contentUrl\":\"https:\/\/secure.gravatar.com\/avatar\/de6dfb4940e9a66f42177cbcc7bf94d9?s=96&d=mm&r=g\",\"caption\":\"System Straub\"}},{\"@type\":\"PostalAddress\",\"@id\":\"https:\/\/systemstraub.de\/agb.html#local-main-place-address\",\"streetAddress\":\"J\u00fcrgensallee 53\",\"addressLocality\":\"Hamburg\",\"postalCode\":\"22609\",\"addressRegion\":\"Hamburg\",\"addressCountry\":\"DE\"},{\"@type\":\"ImageObject\",\"inLanguage\":\"en-GB\",\"@id\":\"https:\/\/systemstraub.de\/agb.html#local-main-organization-logo\",\"url\":\"https:\/\/systemstraub.de\/wp-content\/uploads\/2024\/06\/systemstraub.png\",\"contentUrl\":\"https:\/\/systemstraub.de\/wp-content\/uploads\/2024\/06\/systemstraub.png\",\"width\":256,\"height\":256,\"caption\":\"System Straub Hauspersonal\"}]}<\/script>\n<meta name=\"geo.placename\" content=\"Hamburg\" \/>\n<meta name=\"geo.position\" content=\"53.55797046003343;9.86085852655431\" \/>\n<meta name=\"geo.region\" content=\"Germany\" \/>\n<!-- \/ Yoast SEO Premium plugin. -->","yoast_head_json":{"title":"Allgemeine Gesch\u00e4ftsbedingungen - System Straub Hauspersonal","description":"Hier finden Sie die Allgemeinen Gesch\u00e4ftsbedingungen und Hinweise von System Straub Hauspersonal. Alle Rechte vorbehalten.","robots":{"index":"index","follow":"follow","max-snippet":"max-snippet:-1","max-image-preview":"max-image-preview:large","max-video-preview":"max-video-preview:-1"},"canonical":"https:\/\/systemstraub.de\/en\/tos.html\/","og_locale":"en_GB","og_type":"article","og_title":"Allgemeine Hinweise","og_description":"Hier finden Sie die Allgemeinen Gesch\u00e4ftsbedingungen und Hinweise von System Straub Hauspersonal. Alle Rechte vorbehalten.","og_url":"https:\/\/systemstraub.de\/en\/tos.html\/","og_site_name":"Hauspersonal System Straub","article_modified_time":"2023-01-29T22:23:18+00:00","og_image":[{"width":112,"height":112,"url":"https:\/\/systemstraub.de\/wp-content\/uploads\/2021\/09\/favicon112.png","type":"image\/png"}],"twitter_card":"summary_large_image","twitter_image":"https:\/\/systemstraub.de\/wp-content\/uploads\/2021\/09\/favicon112.png","twitter_site":"@systemstraub","schema":{"@context":"https:\/\/schema.org","@graph":[{"@type":"Article","@id":"https:\/\/systemstraub.de\/agb.html#article","isPartOf":{"@id":"https:\/\/systemstraub.de\/agb.html"},"author":{"name":"System Straub","@id":"https:\/\/systemstraub.de\/#\/schema\/person\/838deae5d2c20197d6fdee4adacef4c8"},"headline":"Allgemeine Hinweise","datePublished":"2021-08-04T17:54:41+00:00","dateModified":"2023-01-29T22:23:18+00:00","mainEntityOfPage":{"@id":"https:\/\/systemstraub.de\/agb.html"},"wordCount":240,"publisher":{"@id":"https:\/\/systemstraub.de\/#organization"},"image":{"@id":"https:\/\/systemstraub.de\/agb.html#primaryimage"},"thumbnailUrl":"https:\/\/systemstraub.de\/wp-content\/uploads\/2021\/08\/System-Straub-Hauspersonal-Haushaelterin-Hamburg-bundesweit-Impressum.jpg","inLanguage":"en-GB"},{"@type":"WebPage","@id":"https:\/\/systemstraub.de\/agb.html","url":"https:\/\/systemstraub.de\/agb.html","name":"Allgemeine Gesch\u00e4ftsbedingungen - System Straub Hauspersonal","isPartOf":{"@id":"https:\/\/systemstraub.de\/#website"},"primaryImageOfPage":{"@id":"https:\/\/systemstraub.de\/agb.html#primaryimage"},"image":{"@id":"https:\/\/systemstraub.de\/agb.html#primaryimage"},"thumbnailUrl":"https:\/\/systemstraub.de\/wp-content\/uploads\/2021\/08\/System-Straub-Hauspersonal-Haushaelterin-Hamburg-bundesweit-Impressum.jpg","datePublished":"2021-08-04T17:54:41+00:00","dateModified":"2023-01-29T22:23:18+00:00","description":"Hier finden Sie die Allgemeinen Gesch\u00e4ftsbedingungen und Hinweise von System Straub Hauspersonal. Alle Rechte vorbehalten.","breadcrumb":{"@id":"https:\/\/systemstraub.de\/agb.html#breadcrumb"},"inLanguage":"en-GB","potentialAction":[{"@type":"ReadAction","target":["https:\/\/systemstraub.de\/agb.html"]}]},{"@type":"ImageObject","inLanguage":"en-GB","@id":"https:\/\/systemstraub.de\/agb.html#primaryimage","url":"https:\/\/systemstraub.de\/wp-content\/uploads\/2021\/08\/System-Straub-Hauspersonal-Haushaelterin-Hamburg-bundesweit-Impressum.jpg","contentUrl":"https:\/\/systemstraub.de\/wp-content\/uploads\/2021\/08\/System-Straub-Hauspersonal-Haushaelterin-Hamburg-bundesweit-Impressum.jpg"},{"@type":"BreadcrumbList","@id":"https:\/\/systemstraub.de\/agb.html#breadcrumb","itemListElement":[{"@type":"ListItem","position":1,"name":"Home","item":"https:\/\/systemstraub.de\/"},{"@type":"ListItem","position":2,"name":"Allgemeine Hinweise"}]},{"@type":"WebSite","@id":"https:\/\/systemstraub.de\/#website","url":"https:\/\/systemstraub.de\/","name":"Hauspersonal System Straub","description":"Haush\u00e4lterin gesucht - Wir sind die professionelle Hauspersonalvermittlung wann immer eine Nanny oder Haush\u00e4lterin in Hamburg zur Unterst\u00fctzung gesucht wird.","publisher":{"@id":"https:\/\/systemstraub.de\/#organization"},"alternateName":"SystemStraub","potentialAction":[{"@type":"SearchAction","target":{"@type":"EntryPoint","urlTemplate":"https:\/\/systemstraub.de\/?s={search_term_string}"},"query-input":{"@type":"PropertyValueSpecification","valueRequired":true,"valueName":"search_term_string"}}],"inLanguage":"en-GB"},{"@type":["Organization","Place"],"@id":"https:\/\/systemstraub.de\/#organization","name":"System Straub Hauspersonal","alternateName":"SystemStraub","url":"https:\/\/systemstraub.de\/","logo":{"@id":"https:\/\/systemstraub.de\/agb.html#local-main-organization-logo"},"image":{"@id":"https:\/\/systemstraub.de\/agb.html#local-main-organization-logo"},"sameAs":["https:\/\/x.com\/systemstraub","https:\/\/www.instagram.com\/systemstraub\/"],"description":"System Straub steht seit 1998 f\u00fcr die erstklassige, anspruchsvolle und vertrauensw\u00fcrdige Vermittlung von Hauspersonal in ganz Deutschland. Unser Ziel ist es, den perfekten Match zwischen Haushalten und qualifiziertem Personal herzustellen. Ob Sie eine Haush\u00e4lterin, eine Nanny, einen Butler oder ein Kinderm\u00e4dchen suchen, wir sind darauf spezialisiert, Ihnen das passende Hauspersonal zu vermitteln. Unser Angebot richtet sich an Privatpersonen und Unternehmen gleicherma\u00dfen. Wir legen gro\u00dfen Wert auf Seriosit\u00e4t, Individualit\u00e4t und Qualit\u00e4t. Bei System Straub steht der Kunde im Mittelpunkt. Unser Engagement und unsere Hingabe spiegeln sich in unserer Arbeit wider. Wir sind stets bem\u00fcht, die besten L\u00f6sungen f\u00fcr Ihre W\u00fcnsche zu finden.","legalName":"System Straub Hauspersonal","foundingDate":"1998-01-01","address":{"@id":"https:\/\/systemstraub.de\/agb.html#local-main-place-address"},"geo":{"@type":"GeoCoordinates","latitude":"53.55797046003343","longitude":"9.86085852655431"},"telephone":["+494082279840"],"contactPoint":{"@type":"ContactPoint","telephone":"+494082279840","email":"info@systemstraub.de"},"openingHoursSpecification":[{"@type":"OpeningHoursSpecification","dayOfWeek":["Monday","Tuesday","Wednesday","Thursday"],"opens":"09:00","closes":"17:00"},{"@type":"OpeningHoursSpecification","dayOfWeek":["Friday"],"opens":"09:00","closes":"14:00"},{"@type":"OpeningHoursSpecification","dayOfWeek":["Saturday","Sunday"],"opens":"00:00","closes":"00:00"}],"email":"info@systemstraub.de","vatID":"DE194285863"},{"@type":"Person","@id":"https:\/\/systemstraub.de\/#\/schema\/person\/838deae5d2c20197d6fdee4adacef4c8","name":"System Straub","image":{"@type":"ImageObject","inLanguage":"en-GB","@id":"https:\/\/systemstraub.de\/#\/schema\/person\/image\/","url":"https:\/\/secure.gravatar.com\/avatar\/de6dfb4940e9a66f42177cbcc7bf94d9?s=96&d=mm&r=g","contentUrl":"https:\/\/secure.gravatar.com\/avatar\/de6dfb4940e9a66f42177cbcc7bf94d9?s=96&d=mm&r=g","caption":"System Straub"}},{"@type":"PostalAddress","@id":"https:\/\/systemstraub.de\/agb.html#local-main-place-address","streetAddress":"J\u00fcrgensallee 53","addressLocality":"Hamburg","postalCode":"22609","addressRegion":"Hamburg","addressCountry":"DE"},{"@type":"ImageObject","inLanguage":"en-GB","@id":"https:\/\/systemstraub.de\/agb.html#local-main-organization-logo","url":"https:\/\/systemstraub.de\/wp-content\/uploads\/2024\/06\/systemstraub.png","contentUrl":"https:\/\/systemstraub.de\/wp-content\/uploads\/2024\/06\/systemstraub.png","width":256,"height":256,"caption":"System Straub Hauspersonal"}]},"geo.placename":"Hamburg","geo.position":{"lat":"53.55797046003343","long":"9.86085852655431"},"geo.region":"Germany"},"_links":{"self":[{"href":"https:\/\/systemstraub.de\/en\/wp-json\/wp\/v2\/pages\/3718"}],"collection":[{"href":"https:\/\/systemstraub.de\/en\/wp-json\/wp\/v2\/pages"}],"about":[{"href":"https:\/\/systemstraub.de\/en\/wp-json\/wp\/v2\/types\/page"}],"author":[{"embeddable":true,"href":"https:\/\/systemstraub.de\/en\/wp-json\/wp\/v2\/users\/59"}],"replies":[{"embeddable":true,"href":"https:\/\/systemstraub.de\/en\/wp-json\/wp\/v2\/comments?post=3718"}],"version-history":[{"count":0,"href":"https:\/\/systemstraub.de\/en\/wp-json\/wp\/v2\/pages\/3718\/revisions"}],"wp:attachment":[{"href":"https:\/\/systemstraub.de\/en\/wp-json\/wp\/v2\/media?parent=3718"}],"curies":[{"name":"wp","href":"https:\/\/api.w.org\/{rel}","templated":true}]}}